{"id":913,"date":"2017-05-11T16:18:45","date_gmt":"2017-05-11T14:18:45","guid":{"rendered":"https:\/\/www.komed-veranstaltungen.de\/?page_id=913\/"},"modified":"2017-05-11T16:18:45","modified_gmt":"2017-05-11T14:18:45","slug":"legal-notice","status":"publish","type":"page","link":"https:\/\/www.komed-veranstaltungen.de\/en\/legal-notice\/","title":{"rendered":"Legal notice"},"content":{"rendered":"<div class=\"wpb-content-wrapper\"><p>[vc_row][vc_column css=&#8221;.vc_custom_1494240202236{background-color: #ffffff !important;}&#8221; offset=&#8221;vc_col-lg-12 vc_col-md-12 vc_col-xs-12&#8243;][vc_row_inner][vc_column_inner el_class=&#8221;content-headline&#8221;][vc_column_text]<\/p>\n<h1>Impressum<\/h1>\n<p>[\/vc_column_text][\/vc_column_inner][\/vc_row_inner][vc_column_text]<\/p>\n<p class=\"bodytext\">Erstellt und betrieben (im Sinne von \u00a7 5 Telemediengesetz bzw. \u00a7 55 Rundfunkstaatsvertrag) wird dieses Internet-Angebot von der<\/p>\n<p class=\"bodytext\"><b>MediaPark K\u00f6ln Entwicklungsgesellschaft mbH \u00a0\u00a0 \u00a0<\/b><br \/>\nIm MediaPark 7<br \/>\n50670 K\u00f6ln<\/p>\n<p>Tel.: 0221. 5743-7400<br \/>\nFax: 0221. 5743-7404<br \/>\nE-Mail: info@mediapark.de<br \/>\nInternet: www.mediapark.de<\/p>\n<p class=\"bodytext\">USt-ID: DE122657059<br \/>\nAmtsgericht K\u00f6ln \/ HRB 18537<\/p>\n<p><b>Gesch\u00e4ftsf\u00fchrer<\/b><br \/>\nJ\u00fcrgen Lange<\/p>\n<p class=\"bodytext\">\u2028Inhaltlich Verantwortlicher gem\u00e4\u00df \u00a7 6 MDStV und \u00a755 Abs. 2 RStV: J\u00fcrgen Lange<\/p>\n<p class=\"bodytext\"><b>Redaktion<\/b><br \/>\nKOMED im MediaPark GmbH<\/p>\n<p class=\"bodytext\"><b>Umsetzung \/ Hosting:<\/b><\/p>\n<p><a href=\"https:\/\/www.millepondo.de\/\" target=\"_blank\" rel=\"noopener noreferrer\">Digitalagentur K\u00f6ln<\/a> \u2013 <a href=\"https:\/\/www.millepondo.de\/\" target=\"_blank\" rel=\"noopener noreferrer\">millepondo services<\/a> GmbH &amp; Co. KG<\/p>\n<p class=\"bodytext\"><b>Fotos<\/b><br \/>\nAVIA Luftbild, Aachen<br \/>\nArchitectuurstudio Hertzberger<br \/>\nSandro Graf v. Einsiedel<br \/>\nJohn Groteloh<br \/>\nLaubner-Luftbild, Bonn<br \/>\nKOMED im MediaPark GmbH<br \/>\nMediaPark K\u00f6ln Entwicklungsgesellschaft mbH (MPK)<br \/>\nChristoph Pforr<br \/>\nMathias P\u00fctz<br \/>\nRainer Rehfeld<br \/>\nUlrich Schlimbach<br \/>\nJ\u00fcrgen Schubert<br \/>\nThomas Willemsen<br \/>\nFulvio Zanettini<\/p>\n<p>Nutzungsrechte: Die Rechte an Abbildungen und Fotos liegen, sofern nicht anders vermerkt, bei der MediaPark K\u00f6ln Entwicklungsgesellschaft mbH und der KOMED im MediaPark GmbH. Wir haben uns bem\u00fcht, die UrheberInnen f\u00fcr alle verwendeten Bilder ausfindig zu machen und Bildnachweise nach bestem Wissen und Gewissen anzugeben. Sollte uns dabei ein Fehler unterlaufen sein, bitten wir um eine kurze Nachricht.<\/p>\n<p class=\"bodytext\">Rechtshinweis:\u00a0\u00a9 Copyright MediaPark K\u00f6ln Entwicklungsgesellschaft mbH 2013<br \/>\nF\u00fcr Inhalte externer Links und fremde Inhalte \u00fcbernimmt die MediaPark K\u00f6ln Entwicklungsgesellschaft mbH keine Verantwortung.<\/p>\n<p>[\/vc_column_text][\/vc_column][\/vc_row]<\/p>\n<\/div>","protected":false},"excerpt":{"rendered":"<p>[vc_row][vc_column css=&#8221;.vc_custom_1494240202236{background-color: #ffffff !important;}&#8221; offset=&#8221;vc_col-lg-12 vc_col-md-12 vc_col-xs-12&#8243;][vc_row_inner][vc_column_inner el_class=&#8221;content-headline&#8221;][vc_column_text] Impressum [\/vc_column_text][\/vc_column_inner][\/vc_row_inner][vc_column_text] Erstellt und betrieben (im Sinne von \u00a7 5 Telemediengesetz bzw. \u00a7 55 Rundfunkstaatsvertrag) wird dieses Internet-Angebot von der MediaPark K\u00f6ln Entwicklungsgesellschaft mbH \u00a0\u00a0 \u00a0 Im MediaPark 7 50670 K\u00f6ln Tel.: 0221. 5743-7400 Fax: 0221. 5743-7404 E-Mail: info@mediapark.de Internet: www.mediapark.de USt-ID: DE122657059 Amtsgericht K\u00f6ln \/ HRB&hellip;<\/p>\n","protected":false},"author":1,"featured_media":0,"parent":0,"menu_order":11,"comment_status":"closed","ping_status":"closed","template":"","meta":{"_acf_changed":false,"iawp_total_views":1,"footnotes":""},"class_list":["post-913","page","type-page","status-publish","hentry"],"acf":[],"_links":{"self":[{"href":"https:\/\/www.komed-veranstaltungen.de\/en\/wp-json\/wp\/v2\/pages\/913","targetHints":{"allow":["GET"]}}],"collection":[{"href":"https:\/\/www.komed-veranstaltungen.de\/en\/wp-json\/wp\/v2\/pages"}],"about":[{"href":"https:\/\/www.komed-veranstaltungen.de\/en\/wp-json\/wp\/v2\/types\/page"}],"author":[{"embeddable":true,"href":"https:\/\/www.komed-veranstaltungen.de\/en\/wp-json\/wp\/v2\/users\/1"}],"replies":[{"embeddable":true,"href":"https:\/\/www.komed-veranstaltungen.de\/en\/wp-json\/wp\/v2\/comments?post=913"}],"version-history":[{"count":1,"href":"https:\/\/www.komed-veranstaltungen.de\/en\/wp-json\/wp\/v2\/pages\/913\/revisions"}],"predecessor-version":[{"id":916,"href":"https:\/\/www.komed-veranstaltungen.de\/en\/wp-json\/wp\/v2\/pages\/913\/revisions\/916"}],"wp:attachment":[{"href":"https:\/\/www.komed-veranstaltungen.de\/en\/wp-json\/wp\/v2\/media?parent=913"}],"curies":[{"name":"wp","href":"https:\/\/api.w.org\/{rel}","templated":true}]}}